{"id":79,"date":"2011-07-19T06:06:08","date_gmt":"2011-07-19T06:06:08","guid":{"rendered":"http:\/\/www.aej-moenchengladbach.de\/wordpress\/?page_id=79"},"modified":"2019-04-09T10:34:18","modified_gmt":"2019-04-09T10:34:18","slug":"links","status":"publish","type":"page","link":"https:\/\/www.aej-moenchengladbach.de\/?page_id=79","title":{"rendered":"Links"},"content":{"rendered":"<p>Bundesjugendring aej <a href=\"http:\/\/www.evangelische-jugend.de\">evangelische-jugend.de<\/a><br \/>\n<span style=\"color: #000000;\"><a href=\"https:\/\/www.moenchengladbach.de\/de\/rathaus\/buergerinfo-a-z\/verwaltungsfuehrung-unternehmensplanung-dezernat-i\/buero-des-oberbuergermeisters-i1\/ehrenamtskarte\/\">Ehrenamtskarte<\/a> der Stadt M\u00f6nchengladbach<br \/>\nFachbereich Kinder,Jugend und Familie der Stadt <a href=\"https:\/\/www.moenchengladbach.de\/de\/rathaus\/buergerinfo-a-z\/recht-soziales-jugend-gesundheit-verbraucherschutz-dezernat-v\/fachbereich-kinder-jugend-und-familie-51\/\">M\u00f6nchengladbach<\/a><br \/>\nStadtjugendring M\u00f6nchengladbach <a href=\"http:\/\/www.stadtjugendring-mg.de\">stadtjugendring-mg.de<\/a><\/span><br \/>\nLandesjugendring\u00a0 aej nrw <a title=\"Landesjugendring nrw\" href=\"http:\/\/www.ljr-nrw.de\/\">ljr-nrw.de<br \/>\n<\/a><\/p>\n<p>&nbsp;<\/p>\n<p>&nbsp;<\/p>\n<p>&nbsp;<\/p>\n","protected":false},"excerpt":{"rendered":"<p>Bundesjugendring aej evangelische-jugend.de Ehrenamtskarte der Stadt M\u00f6nchengladbach Fachbereich Kinder,Jugend und Familie der Stadt M\u00f6nchengladbach Stadtjugendring M\u00f6nchengladbach stadtjugendring-mg.de Landesjugendring\u00a0 aej nrw ljr-nrw.de &nbsp; &nbsp; &nbsp;<\/p>\n","protected":false},"author":1,"featured_media":0,"parent":0,"menu_order":0,"comment_status":"closed","ping_status":"closed","template":"","meta":{"footnotes":""},"class_list":["post-79","page","type-page","status-publish","hentry"],"jetpack_sharing_enabled":true,"_links":{"self":[{"href":"https:\/\/www.aej-moenchengladbach.de\/index.php?rest_route=\/wp\/v2\/pages\/79","targetHints":{"allow":["GET"]}}],"collection":[{"href":"https:\/\/www.aej-moenchengladbach.de\/index.php?rest_route=\/wp\/v2\/pages"}],"about":[{"href":"https:\/\/www.aej-moenchengladbach.de\/index.php?rest_route=\/wp\/v2\/types\/page"}],"author":[{"embeddable":true,"href":"https:\/\/www.aej-moenchengladbach.de\/index.php?rest_route=\/wp\/v2\/users\/1"}],"replies":[{"embeddable":true,"href":"https:\/\/www.aej-moenchengladbach.de\/index.php?rest_route=%2Fwp%2Fv2%2Fcomments&post=79"}],"version-history":[{"count":10,"href":"https:\/\/www.aej-moenchengladbach.de\/index.php?rest_route=\/wp\/v2\/pages\/79\/revisions"}],"predecessor-version":[{"id":401,"href":"https:\/\/www.aej-moenchengladbach.de\/index.php?rest_route=\/wp\/v2\/pages\/79\/revisions\/401"}],"wp:attachment":[{"href":"https:\/\/www.aej-moenchengladbach.de\/index.php?rest_route=%2Fwp%2Fv2%2Fmedia&parent=79"}],"curies":[{"name":"wp","href":"https:\/\/api.w.org\/{rel}","templated":true}]}}