{"id":57,"date":"2011-02-14T15:23:07","date_gmt":"2011-02-14T15:23:07","guid":{"rendered":"http:\/\/www.aej-moenchengladbach.de\/wordpress\/?page_id=57"},"modified":"2017-03-21T11:27:53","modified_gmt":"2017-03-21T11:27:53","slug":"impressum","status":"publish","type":"page","link":"https:\/\/www.aej-moenchengladbach.de\/?page_id=57","title":{"rendered":"Impressum"},"content":{"rendered":"<p><strong>Redaktion<br \/>\n<\/strong>Inhaltlich verantwortlich gem\u00e4ss \u00a7 6 MDStV:<strong>Mabel Agbor-Pearson<\/strong><\/p>\n<p><strong>Haftungsausschluss<\/strong><strong><br \/>\n<\/strong>Die Webseite wurde mit gr\u00f6sster Sorgfalt zusammengestellt und wird laufend aktualisiert. Dennoch k\u00f6nnen sich Inhalte zwischenzeitlich ge\u00e4ndert haben. Deshalb kann keine Gew\u00e4hr oder Garantie f\u00fcr die Aktualit\u00e4t, Richtigkeit und Vollst\u00e4ndigkeit der zur Verf\u00fcgung gestellten Informationen \u00fcbernommen werden. Infolgedessen wird die Haftung f\u00fcr Sch\u00e4den, die direkt oder indirekt aus der Benutzung dieser Webseite entstehen ausgeschlossen, soweit diese nicht auf Vorsatz oder grober Fahrl\u00e4ssigkeit beruhen.<br \/>\nDie Arbeitsgemeinschaft Evangelische Jugend\u00a0 M\u00f6nchengladbach ist f\u00fcr den Inhalt von Webseiten, auf die durch Hyperlinks verwiesen wird, nicht verantwortlich, soweit man von den Web &#8211; Inhalten keine Kenntnis hat und es technisch unm\u00f6glich und unzumutbar ist, die Nutzung im Falle rechtswidriger Inhalte zu verhindern. Die AEJ-M\u00f6nchengladbach. \u00fcbernimmt f\u00fcr die Inhalte externer Links keine Haftung oder Garantie. Sollten Sie der Meinung sein, dass bestimmte verlinkte externe Seiten gegen geltendes Recht verstossen oder sonst unangemessene Inhalte haben, w\u00fcrden wir uns \u00fcber einen Hinweis freuen.<\/p>\n","protected":false},"excerpt":{"rendered":"<p>Redaktion Inhaltlich verantwortlich gem\u00e4ss \u00a7 6 MDStV:Mabel Agbor-Pearson Haftungsausschluss Die Webseite wurde mit gr\u00f6sster Sorgfalt zusammengestellt und wird laufend aktualisiert. Dennoch k\u00f6nnen sich Inhalte zwischenzeitlich ge\u00e4ndert haben. Deshalb kann keine Gew\u00e4hr oder Garantie f\u00fcr die Aktualit\u00e4t, Richtigkeit und Vollst\u00e4ndigkeit der &hellip; <a href=\"https:\/\/www.aej-moenchengladbach.de\/?page_id=57\">Weiterlesen <span class=\"meta-nav\">&rarr;<\/span><\/a><\/p>\n","protected":false},"author":1,"featured_media":0,"parent":0,"menu_order":0,"comment_status":"closed","ping_status":"closed","template":"","meta":{"footnotes":""},"class_list":["post-57","page","type-page","status-publish","hentry"],"jetpack_sharing_enabled":true,"_links":{"self":[{"href":"https:\/\/www.aej-moenchengladbach.de\/index.php?rest_route=\/wp\/v2\/pages\/57","targetHints":{"allow":["GET"]}}],"collection":[{"href":"https:\/\/www.aej-moenchengladbach.de\/index.php?rest_route=\/wp\/v2\/pages"}],"about":[{"href":"https:\/\/www.aej-moenchengladbach.de\/index.php?rest_route=\/wp\/v2\/types\/page"}],"author":[{"embeddable":true,"href":"https:\/\/www.aej-moenchengladbach.de\/index.php?rest_route=\/wp\/v2\/users\/1"}],"replies":[{"embeddable":true,"href":"https:\/\/www.aej-moenchengladbach.de\/index.php?rest_route=%2Fwp%2Fv2%2Fcomments&post=57"}],"version-history":[{"count":5,"href":"https:\/\/www.aej-moenchengladbach.de\/index.php?rest_route=\/wp\/v2\/pages\/57\/revisions"}],"predecessor-version":[{"id":286,"href":"https:\/\/www.aej-moenchengladbach.de\/index.php?rest_route=\/wp\/v2\/pages\/57\/revisions\/286"}],"wp:attachment":[{"href":"https:\/\/www.aej-moenchengladbach.de\/index.php?rest_route=%2Fwp%2Fv2%2Fmedia&parent=57"}],"curies":[{"name":"wp","href":"https:\/\/api.w.org\/{rel}","templated":true}]}}